{"id":116,"date":"2024-11-07T15:49:21","date_gmt":"2024-11-07T15:49:21","guid":{"rendered":"https:\/\/admit:8890\/?page_id=116"},"modified":"2025-09-18T22:49:02","modified_gmt":"2025-09-18T22:49:02","slug":"admit","status":"publish","type":"page","link":"https:\/\/admit-therapeutics.com\/es\/admit\/","title":{"rendered":"ADmit"},"content":{"rendered":"\n<h2 class=\"wp-block-heading\">ADmit<\/h2>\n\n\n\n<p>ADmit Therapeutics, S.L. es una compa\u00f1\u00eda que ha desarrollado el MAP-AD\u00ae Test para la detecci\u00f3n temprana de la demencia debida a la enfermedad de Alzheimer (EA) y se encuentra en fase de comercializaci\u00f3n.<\/p>\n\n\n\n<p>La EA es un proceso devastador para quien la sufre y su entorno familiar y una amenaza para los sistemas p\u00fablicos de salud tanto de los pa\u00edses desarrollados y emergentes. Es una necesidad m\u00e9dica no cubierta. Se calcula que m\u00e1s de 47 millones de personas en el mundo padecen esta enfermedad y que la incidencia se ver\u00e1 incrementada considerablemente en los pr\u00f3ximos a\u00f1os debido al aumento de la esperanza de vida (130 millones de pacientes en 2050). En la actualidad existe un infra diagn\u00f3stico de los casos con Alzheimer (sobre todo en fase leve) y suele hacerse en fase moderada y con un retardo de 12-24 meses tras el inicio de los s\u00edntomas. No existe ning\u00fan IVD implementado en la pr\u00e1ctica cl\u00ednica que permita predecir la progresi\u00f3n a la demencia por Alzheimer en pacientes con Deterioro Cognitivo Leve.<\/p>\n\n\n\n<p>Nuestro IVD representa la determinaci\u00f3n en sangre de una serie de biomarcadores no relacionados ni con el \u03b2-amiloide ni con tau. Nuestra propuesta de valor se basa en un an\u00e1lisis epigen\u00e9tico en sangre cubriendo un gran n\u00famero de metilcitosinas usando t\u00e9cnicas de secuenciaci\u00f3n de \u00faltima generaci\u00f3n. Nuestros biomarcadores patentados junto con la edad, el genotipo ApoE y el CDR-SOB representan una herramienta muy \u00fatil para la prognosis de la progresi\u00f3n a la demencia de Alzheimer en pacientes con Deterioro Cognitivo Leve. Esta nueva tecnolog\u00eda disruptiva proporciona un an\u00e1lisis hol\u00edstico del paciente.<\/p>\n\n\n<div class=\"wp-block-image\">\n<figure class=\"aligncenter size-large\"><img loading=\"lazy\" decoding=\"async\" width=\"1024\" height=\"464\" src=\"https:\/\/admit-therapeutics.com\/wp-content\/uploads\/2025\/09\/Holistic-ES-1024x464.png\" alt=\"\" class=\"wp-image-1313\" srcset=\"https:\/\/admit-therapeutics.com\/wp-content\/uploads\/2025\/09\/Holistic-ES-1024x464.png 1024w, https:\/\/admit-therapeutics.com\/wp-content\/uploads\/2025\/09\/Holistic-ES-300x136.png 300w, https:\/\/admit-therapeutics.com\/wp-content\/uploads\/2025\/09\/Holistic-ES-768x348.png 768w, https:\/\/admit-therapeutics.com\/wp-content\/uploads\/2025\/09\/Holistic-ES-1536x696.png 1536w, https:\/\/admit-therapeutics.com\/wp-content\/uploads\/2025\/09\/Holistic-ES-2048x928.png 2048w\" sizes=\"auto, (max-width: 1024px) 100vw, 1024px\" \/><\/figure>\n<\/div>\n\n\n<p><\/p>\n\n\n\n<h2 class=\"wp-block-heading\">MISI\u00d3N, VISI\u00d3N, VALORES<\/h2>\n\n\n\n<p>Nuestra misi\u00f3n es establecer un test de pronostico precoz para la enfermedad de Alzheimer e implementarlo en la pr\u00e1ctica cl\u00ednica.<\/p>\n\n\n\n<p>Nuestra visi\u00f3n es contribuir a identificar una terapia curativa y al desarrollo de una medicina personalizada para la enfermedad de Alzheimer. Para ello, nuestro test de pron\u00f3stico es \u00fatil para las empresas farmac\u00e9uticas, optimizando el reclutamiento de pacientes para los ensayos cl\u00ednicos, facilitando la identificaci\u00f3n de nuevos f\u00e1rmacos y terapias efectivos para esta devastadora enfermedad.<\/p>\n\n\n\n<p>Nuestros valores son innovaci\u00f3n, eficiencia, eficacia, y agilidad.<\/p>\n\n\n\n<div style=\"height:5px\" aria-hidden=\"true\" class=\"wp-block-spacer\"><\/div>\n\n\n\n<h2 class=\"wp-block-heading\">ESTRATEGIA<\/h2>\n\n\n\n<p>ADmit Therapeutics proporciona servicios epigen\u00e9ticos a las compa\u00f1\u00edas farmac\u00e9uticas con el objetivo de realizar ensayos cl\u00ednicos que incluyan pacientes con EA en las primeras etapas de la enfermedad as\u00ed como formar parte del \u00abPatient Journey\u00bb en los sistemas sanitarios p\u00fablicos y privados. La compa\u00f1\u00eda pretende establecer acuerdos comerciales y cient\u00edficos encaminados a la expansi\u00f3n de su herramienta de pron\u00f3stico a nivel mundial.<\/p>\n\n\n\n<p>ADmit Therapeutics est\u00e1 desarrollando una s\u00f3lida cartera de productos sanitarios en el \u00e1mbito de otras enfermedades neurodegenerativas como la Demencia de Cuerpos de Lewy.<\/p>\n\n\n\n<p><\/p>\n","protected":false},"excerpt":{"rendered":"<p>ADmit ADmit Therapeutics, S.L. es una compa\u00f1\u00eda que ha desarrollado el MAP-AD\u00ae Test para la detecci\u00f3n temprana de la demencia debida a la enfermedad de Alzheimer (EA) y se encuentra en fase de comercializaci\u00f3n. La EA es un proceso devastador para quien la sufre y su entorno familiar y una amenaza para los sistemas p\u00fablicos [&hellip;]<\/p>\n","protected":false},"author":1,"featured_media":0,"parent":0,"menu_order":1,"comment_status":"closed","ping_status":"closed","template":"","meta":{"_acf_changed":false,"footnotes":""},"class_list":["post-116","page","type-page","status-publish","hentry"],"acf":[],"_links":{"self":[{"href":"https:\/\/admit-therapeutics.com\/es\/wp-json\/wp\/v2\/pages\/116","targetHints":{"allow":["GET"]}}],"collection":[{"href":"https:\/\/admit-therapeutics.com\/es\/wp-json\/wp\/v2\/pages"}],"about":[{"href":"https:\/\/admit-therapeutics.com\/es\/wp-json\/wp\/v2\/types\/page"}],"author":[{"embeddable":true,"href":"https:\/\/admit-therapeutics.com\/es\/wp-json\/wp\/v2\/users\/1"}],"replies":[{"embeddable":true,"href":"https:\/\/admit-therapeutics.com\/es\/wp-json\/wp\/v2\/comments?post=116"}],"version-history":[{"count":26,"href":"https:\/\/admit-therapeutics.com\/es\/wp-json\/wp\/v2\/pages\/116\/revisions"}],"predecessor-version":[{"id":1314,"href":"https:\/\/admit-therapeutics.com\/es\/wp-json\/wp\/v2\/pages\/116\/revisions\/1314"}],"wp:attachment":[{"href":"https:\/\/admit-therapeutics.com\/es\/wp-json\/wp\/v2\/media?parent=116"}],"curies":[{"name":"wp","href":"https:\/\/api.w.org\/{rel}","templated":true}]}}