{"id":15,"date":"2024-11-05T17:18:35","date_gmt":"2024-11-05T17:18:35","guid":{"rendered":"https:\/\/admit:8890\/?page_id=15"},"modified":"2026-03-18T11:30:48","modified_gmt":"2026-03-18T11:30:48","slug":"home","status":"publish","type":"page","link":"https:\/\/admit-therapeutics.com\/es\/","title":{"rendered":"Home"},"content":{"rendered":"\n<h2 class=\"wp-block-heading\">Innovaci\u00f3n tecnol\u00f3gica y compromiso social<\/h2>\n\n\n\n<p>ADmit Therapeutics S.L. es una empresa pionera en la aplicaci\u00f3n de tecnolog\u00edas innovadoras en el campo de las enfermedades neurodegenerativas, con un fuerte componente social. Su principal activo es un equipo altamente capacitado con experiencia en el diagn\u00f3stico m\u00e9dico, neurobiolog\u00eda, inteligencia artificial y en el desarrollo y comercializaci\u00f3n de productos sanitarios. Su calidad es evidenciada por la obtenci\u00f3n de la licencia previa de funcionamiento de instalaci\u00f3n de productos sanitarios de la Agencia Espa\u00f1ola de medicamentos y productos sanitarios (AEMPS), la certificaci\u00f3n ISO 13485, la acreditaci\u00f3n del College of American Pathologists (CAP), y el certificado Clinical Laboratory Improvement Amendments (CLIA) convierti\u00e9ndose en el \u00fanico laboratorio CAP\/CLIA en Espa\u00f1a.<\/p>\n\n\n\n<p>La prueba <strong>MAP-AD\u00ae est\u00e1 certificada con el marcaje CE bajo la Regulaci\u00f3n de Productos Sanitarios de Diagn\u00f3stico In Vitro (IVDR; EU2017\/746)<\/strong>, asegurando que el test cumple con los estrictos est\u00e1ndares de seguridad y funcionamiento de la Uni\u00f3n Europea. Adicionalmente al desarrollo del MAP-AD\u00ae Test y su comercializaci\u00f3n, la compa\u00f1\u00eda sigue trabajando para incorporar nuevas soluciones en el campo de las enfermedades neurodegenerativas para mejorar la calidad de vida de los pacientes y su entorno.<\/p>\n\n\n\n<h2 class=\"wp-block-heading mt-5\"><\/h2>\n\n\n\n<div class=\"wp-block-columns is-layout-flex wp-container-core-columns-is-layout-9d6595d7 wp-block-columns-is-layout-flex\">\n<div class=\"wp-block-column is-layout-flow wp-block-column-is-layout-flow\" style=\"flex-basis:25%\"><\/div>\n\n\n\n<div class=\"wp-block-column is-layout-flow wp-block-column-is-layout-flow\" style=\"flex-basis:50%\"><div class=\"wp-block-image\">\n<figure class=\"aligncenter size-full is-resized\"><img loading=\"lazy\" decoding=\"async\" width=\"508\" height=\"242\" src=\"https:\/\/admit-therapeutics.com\/wp-content\/uploads\/2025\/09\/CE-6.png\" alt=\"\" class=\"wp-image-1305\" style=\"width:195px;height:auto\" srcset=\"https:\/\/admit-therapeutics.com\/wp-content\/uploads\/2025\/09\/CE-6.png 508w, https:\/\/admit-therapeutics.com\/wp-content\/uploads\/2025\/09\/CE-6-300x143.png 300w\" sizes=\"auto, (max-width: 508px) 100vw, 508px\" \/><\/figure>\n<\/div><\/div>\n\n\n\n<div class=\"wp-block-column is-layout-flow wp-block-column-is-layout-flow\" style=\"flex-basis:25%\">\n<figure class=\"wp-block-image size-full is-resized\"><img loading=\"lazy\" decoding=\"async\" width=\"316\" height=\"305\" src=\"https:\/\/admit-therapeutics.com\/wp-content\/uploads\/2026\/03\/CLIA-1.png\" alt=\"\" class=\"wp-image-1432\" style=\"aspect-ratio:1.03608003781314;width:103px;height:auto\" srcset=\"https:\/\/admit-therapeutics.com\/wp-content\/uploads\/2026\/03\/CLIA-1.png 316w, https:\/\/admit-therapeutics.com\/wp-content\/uploads\/2026\/03\/CLIA-1-300x290.png 300w\" sizes=\"auto, (max-width: 316px) 100vw, 316px\" \/><\/figure>\n<\/div>\n<\/div>\n\n\n\n<figure class=\"wp-block-image size-large\"><img loading=\"lazy\" decoding=\"async\" width=\"1024\" height=\"141\" src=\"https:\/\/wp.admit-therapeutics.com\/wp-content\/uploads\/2025\/05\/Logos_ES_v2-1024x141.png\" alt=\"\" class=\"wp-image-921\" srcset=\"https:\/\/admit-therapeutics.com\/wp-content\/uploads\/2025\/05\/Logos_ES_v2-1024x141.png 1024w, https:\/\/admit-therapeutics.com\/wp-content\/uploads\/2025\/05\/Logos_ES_v2-300x41.png 300w, https:\/\/admit-therapeutics.com\/wp-content\/uploads\/2025\/05\/Logos_ES_v2-768x105.png 768w, https:\/\/admit-therapeutics.com\/wp-content\/uploads\/2025\/05\/Logos_ES_v2-1536x211.png 1536w, https:\/\/admit-therapeutics.com\/wp-content\/uploads\/2025\/05\/Logos_ES_v2-2048x281.png 2048w\" sizes=\"auto, (max-width: 1024px) 100vw, 1024px\" \/><\/figure>\n\n\n\n<div class=\"wp-block-columns is-layout-flex wp-container-core-columns-is-layout-9d6595d7 wp-block-columns-is-layout-flex\">\n<div class=\"wp-block-column is-layout-flow wp-block-column-is-layout-flow\"><\/div>\n\n\n\n<div class=\"wp-block-column is-layout-flow wp-block-column-is-layout-flow\"><\/div>\n\n\n\n<div class=\"wp-block-column is-layout-flow wp-block-column-is-layout-flow\"><\/div>\n<\/div>\n\n\n\n<div style=\"height:100px\" aria-hidden=\"true\" class=\"wp-block-spacer\"><\/div>\n\n\n\n<div class=\"wp-block-columns is-layout-flex wp-container-core-columns-is-layout-9d6595d7 wp-block-columns-is-layout-flex\">\n<div class=\"wp-block-column is-vertically-aligned-center is-layout-flow wp-block-column-is-layout-flow\">\n<div class=\"wp-block-group\"><div class=\"wp-block-group__inner-container is-layout-constrained wp-block-group-is-layout-constrained\">\n<div class=\"wp-block-group\"><div class=\"wp-block-group__inner-container is-layout-constrained wp-block-group-is-layout-constrained\">\n<div class=\"wp-block-columns is-layout-flex wp-container-core-columns-is-layout-9d6595d7 wp-block-columns-is-layout-flex\">\n<div class=\"wp-block-column is-vertically-aligned-top is-layout-flow wp-block-column-is-layout-flow\" style=\"flex-basis:20%\">\n<i class=\"fas fa-search\" style=\"color: #F29100; font-size:75px; padding:1rem\"><\/i>\n<\/div>\n\n\n\n<div class=\"wp-block-column is-vertically-aligned-center is-layout-flow wp-block-column-is-layout-flow\" style=\"flex-basis:80%\">\n<h2 class=\"wp-block-heading\">Innovaci\u00f3n<\/h2>\n\n\n\n<p class=\"mb-5\">Nuestro equipo tiene una visi\u00f3n innovadora que ha permitido desarrollar un abordaje disruptivo en el mercado.<\/p>\n<\/div>\n<\/div>\n<\/div><\/div>\n<\/div><\/div>\n\n\n\n<div class=\"wp-block-group\"><div class=\"wp-block-group__inner-container is-layout-constrained wp-block-group-is-layout-constrained\">\n<div class=\"wp-block-columns is-layout-flex wp-container-core-columns-is-layout-9d6595d7 wp-block-columns-is-layout-flex\">\n<div class=\"wp-block-column is-vertically-aligned-top is-layout-flow wp-block-column-is-layout-flow\" style=\"flex-basis:20%\">\n<i class=\"fas fa-cogs\" style=\"color: #F29100; font-size:75px; padding:1rem\"><\/i>\n<\/div>\n\n\n\n<div class=\"wp-block-column is-vertically-aligned-center is-layout-flow wp-block-column-is-layout-flow\" style=\"flex-basis:80%\">\n<h2 class=\"wp-block-heading\">Eficiencia y Eficacia<\/h2>\n\n\n\n<p class=\"mb-5\">Optimizamos nuestros recursos para la consecuci\u00f3n de cada uno de nuestros objetivos cient\u00edficos y empresariales.<\/p>\n<\/div>\n<\/div>\n<\/div><\/div>\n\n\n\n<div class=\"wp-block-group\"><div class=\"wp-block-group__inner-container is-layout-constrained wp-block-group-is-layout-constrained\">\n<div class=\"wp-block-columns is-layout-flex wp-container-core-columns-is-layout-9d6595d7 wp-block-columns-is-layout-flex\">\n<div class=\"wp-block-column is-vertically-aligned-top is-layout-flow wp-block-column-is-layout-flow\" style=\"flex-basis:20%\">\n<i class=\"fas fa-tachometer-alt\" style=\"color: #F29100; font-size:75px; padding:1rem\"><\/i>\n<\/div>\n\n\n\n<div class=\"wp-block-column is-vertically-aligned-center is-layout-flow wp-block-column-is-layout-flow\" style=\"flex-basis:80%\">\n<h2 class=\"wp-block-heading\">Agilidad<\/h2>\n\n\n\n<p class=\"mb-5\">Adoptamos decisiones \u00e1giles y s\u00f3lidas para conseguir nuestras metas en los tiempos acordados.<\/p>\n<\/div>\n<\/div>\n<\/div><\/div>\n<\/div>\n\n\n\n<div class=\"wp-block-column is-vertically-aligned-center is-layout-flow wp-block-column-is-layout-flow\"><div class=\"wp-block-image round\">\n<figure class=\"aligncenter size-full\"><img loading=\"lazy\" decoding=\"async\" width=\"500\" height=\"500\" src=\"https:\/\/wp.admit-therapeutics.com\/wp-content\/uploads\/2025\/03\/mitocondris-500.webp\" alt=\"\" class=\"wp-image-568\" srcset=\"https:\/\/admit-therapeutics.com\/wp-content\/uploads\/2025\/03\/mitocondris-500.webp 500w, https:\/\/admit-therapeutics.com\/wp-content\/uploads\/2025\/03\/mitocondris-500-300x300.webp 300w, https:\/\/admit-therapeutics.com\/wp-content\/uploads\/2025\/03\/mitocondris-500-150x150.webp 150w\" sizes=\"auto, (max-width: 500px) 100vw, 500px\" \/><\/figure>\n<\/div><\/div>\n<\/div>\n\n\n\n<div style=\"height:100px\" aria-hidden=\"true\" class=\"wp-block-spacer\"><\/div>\n\n\n\n<div class=\"wp-block-columns col-reverse is-layout-flex wp-container-core-columns-is-layout-9d6595d7 wp-block-columns-is-layout-flex\">\n<div class=\"wp-block-column is-layout-flow wp-block-column-is-layout-flow\">\n<figure class=\"wp-block-image size-full\"><img loading=\"lazy\" decoding=\"async\" width=\"2048\" height=\"1534\" src=\"https:\/\/wp.admit-therapeutics.com\/wp-content\/uploads\/2025\/05\/E7CD6F69-51CB-48AC-8197-1848E0C88494.jpeg\" alt=\"\" class=\"wp-image-1067\" srcset=\"https:\/\/admit-therapeutics.com\/wp-content\/uploads\/2025\/05\/E7CD6F69-51CB-48AC-8197-1848E0C88494.jpeg 2048w, https:\/\/admit-therapeutics.com\/wp-content\/uploads\/2025\/05\/E7CD6F69-51CB-48AC-8197-1848E0C88494-300x225.jpeg 300w, https:\/\/admit-therapeutics.com\/wp-content\/uploads\/2025\/05\/E7CD6F69-51CB-48AC-8197-1848E0C88494-1024x767.jpeg 1024w, https:\/\/admit-therapeutics.com\/wp-content\/uploads\/2025\/05\/E7CD6F69-51CB-48AC-8197-1848E0C88494-768x575.jpeg 768w, https:\/\/admit-therapeutics.com\/wp-content\/uploads\/2025\/05\/E7CD6F69-51CB-48AC-8197-1848E0C88494-1536x1151.jpeg 1536w\" sizes=\"auto, (max-width: 2048px) 100vw, 2048px\" \/><\/figure>\n<\/div>\n\n\n\n<div class=\"wp-block-column is-vertically-aligned-center is-layout-flow wp-block-column-is-layout-flow\">\n<h2 class=\"wp-block-heading\">Un paso crucial hacia la medicina personalizada<\/h2>\n\n\n\n<p class=\"mt-5\" style=\"font-size:16px\">La prueba MAP-AD\u00ae proporciona el pron\u00f3stico de la progresi\u00f3n del Deterioro Cognitivo Leve a la demencia por Enfermedad de Alzheimer. Esta soluci\u00f3n asocia la biolog\u00eda de la enfermedad, la disfunci\u00f3n mitocondrial, con los cambios cognitivos. Esto se logra mediante el an\u00e1lisis de nuevos biomarcadores sangu\u00edneos, la metilaci\u00f3n del ADN mitocondrial, junto con los principales factores de riesgo de la enfermedad (genotipo ApoE y edad) y evaluaci\u00f3n neuropsicol\u00f3gica. Predecir el deterioro cognitivo con a\u00f1os de antelaci\u00f3n abre la puerta a intervenciones m\u00e1s tempranas y optimiza la selecci\u00f3n de pacientes para ensayos cl\u00ednicos, representando un avance significativo en la medicina personalizada y de precisi\u00f3n.<\/p>\n<\/div>\n<\/div>\n\n\n\n<div style=\"height:100px\" aria-hidden=\"true\" class=\"wp-block-spacer\"><\/div>\n\n\n\n<div class=\"wp-block-group alignfull bg-light rounded p-5\"><div class=\"wp-block-group__inner-container is-layout-constrained wp-block-group-is-layout-constrained\">\n<h2 class=\"wp-block-heading\">\u00daltimas noticias<\/h2>\n\n\n\n<div style=\"height:35px\" aria-hidden=\"true\" class=\"wp-block-spacer\"><\/div>\n\n\n<ul class=\"listado-posts-recientes\" style=\"list-style:none;padding:0;margin:0;\"><li style=\"margin-bottom: 2em; padding-bottom: 1em; border-bottom: 1px solid #eee;\"><small style=\"color: #666;\">diciembre 5, 2025<\/small><h4 style=\"margin: 0.5em 0;\"><a href=\"https:\/\/admit-therapeutics.com\/es\/admit-therapeutics-obtiene-la-certificacion-clia-abriendo-las-puertas-al-mercado-sanitario-de-ee-uu\/\">ADmit Therapeutics Obtiene la Certificaci\u00f3n CLIA, Abriendo las Puertas al Mercado Sanitario de EE.UU.<\/a><\/h4><p>Barcelona \u2013 5 de Diciembre de 2025&nbsp;\u2013 ADmit Therapeutics ha anunciado hoy la obtenci\u00f3n del&nbsp;Certificado CLIA (Clinical Laboratory Improvement Amendments). Esta acreditaci\u00f3n, otorgada por los Centros de Servicios de Medicare y Medicaid (CMS) de EE. UU., avala el cumplimiento de los m\u00e1s&nbsp;rigurosos est\u00e1ndares de calidad y fiabilidad&nbsp;anal\u00edtica. \u00abEsta certificaci\u00f3n no es solo un sello de [&hellip;]<\/p><\/li><li style=\"margin-bottom: 2em; padding-bottom: 1em; border-bottom: 1px solid #eee;\"><small style=\"color: #666;\">noviembre 14, 2025<\/small><h4 style=\"margin: 0.5em 0;\"><a href=\"https:\/\/admit-therapeutics.com\/es\/admit-therapeutics-presenta-innovacion-en-sevilla-el-test-map-ad-y-nuevos-datos-de-prediccion-del-alzheimer\/\">ADmit Therapeutics Presenta Innovaci\u00f3n en Sevilla: El Test MAP-AD\u00ae\u00a0y Nuevos Datos de Predicci\u00f3n de la demencia por enfermedad Alzheimer<\/a><\/h4><p>La compa\u00f1\u00eda asistir\u00e1 a la Reuni\u00f3n Anual de la SEN con su test MAP-AD\u00ae, recientemente certificado con el Marcaje CE-IVDR, destacando avances en el pron\u00f3stico temprano de la enfermedad. Barcelona, 14 de Noviembre, 2025\u00a0\u2013 ADmit Therapeutics, empresa l\u00edder en diagn\u00f3stico de enfermedades neurodegenerativas, ha confirmado su participaci\u00f3n en la pr\u00f3xima\u00a0Reuni\u00f3n Anual de la Sociedad Espa\u00f1ola [&hellip;]<\/p><\/li><li style=\"margin-bottom: 2em; padding-bottom: 1em; border-bottom: 1px solid #eee;\"><small style=\"color: #666;\">noviembre 13, 2025<\/small><h4 style=\"margin: 0.5em 0;\"><a href=\"https:\/\/admit-therapeutics.com\/es\/admit-therapeutics-exhibira-su-innovacion-europea-en-medica-2025\/\">ADmit Therapeutics exhibir\u00e1 su innovaci\u00f3n europea en MEDICA 2025<\/a><\/h4><p>Barcelona, 13 de noviembre. Estamos&nbsp;orgullosos&nbsp;de anunciar que nuestra empresa ha sido seleccionada para participar en&nbsp;MEDICA 2025, que tendr\u00e1 lugar del&nbsp;17 al 20 de noviembre de 2025&nbsp;en D\u00fcsseldorf, Alemania. ADmit Therapeutics estar\u00e1 en el Pabell\u00f3n del EIC en Messe D\u00fcsseldorf,&nbsp;Pabell\u00f3n 15, Stand 15B41. Nuestra empresa es una de las&nbsp;15 start-ups&nbsp;respaldadas por el Consejo Europeo de Innovaci\u00f3n [&hellip;]<\/p><\/li><\/ul>\n<\/div><\/div>\n\n\n\n<div style=\"height:100px\" aria-hidden=\"true\" class=\"wp-block-spacer\"><\/div>\n\n\n\n<!-- Team  -->\n<section class=\"py-3 py-md-5 py-xl-8\">\n  <div class=\"container\">\n    <div class=\"row justify-content-center\">\n      <div class=\"col-12 col-md-10 col-lg-8 col-xl-7 col-xxl-6 text-center\">\n        <h2>Equipo<\/h2>\n        <h4>Miembros del Consejo de Administraci\u00f3n<\/h4>\n        <hr class=\"w-50 mx-auto mb-5 mb-xl-9 border-dark-subtle\">\n      <\/div>\n    <\/div>\n  <\/div>\n\n  <div class=\"container overflow-hidden\">\n    <div class=\"row gy-4 gy-lg-0 gx-xxl-5 justify-content-center\">\n      <div class=\"col-12 col-md-6 col-lg-3 text-center\">\n        <div class=\"card border-0 border-bottom shadow-sm overflow-hidden\">\n          <div class=\"card-body p-0\">\n            <figure class=\"m-0 p-0\">\n              <img decoding=\"async\" class=\"img-fluid\" loading=\"lazy\" src=\"\/wp-content\/uploads\/2025\/03\/ferran-rectangular-alt.webp\" alt=\"Ferran Prat\">\n              <figcaption class=\"m-0 p-4\">\n                <h4 class=\"mb-1\">Ferran<br>Prat<\/h4>\n                <p class=\"text-secondary mb-0\">Presidente<\/p>\n              <\/figcaption>\n            <\/figure>\n          <\/div>\n        <\/div>\n      <\/div>\n      <div class=\"col-12 col-md-6 col-lg-3 text-center\">\n        <div class=\"card border-0 border-bottom shadow-sm overflow-hidden\">\n          <div class=\"card-body p-0\">\n            <figure class=\"m-0 p-0\">\n              <img decoding=\"async\" class=\"img-fluid\" loading=\"lazy\" src=\"\/wp-content\/uploads\/2024\/12\/marta-rectangular.webp\" alt=\"Marta Barrachina\">\n              <figcaption class=\"m-0 p-4\">\n                <h4 class=\"mb-1\">Marta Barrachina<\/h4>\n                <p class=\"text-secondary mb-0\">Co-Fundadora<br>CEO<br>Consejera<\/p>\n              <\/figcaption>\n            <\/figure>\n          <\/div>\n        <\/div>\n      <\/div>\n      <div class=\"col-12 col-md-6 col-lg-3 text-center\">\n        <div class=\"card border-0 border-bottom shadow-sm overflow-hidden\">\n          <div class=\"card-body p-0\">\n            <figure class=\"m-0 p-0\">\n              <img decoding=\"async\" class=\"img-fluid\" loading=\"lazy\" src=\"\/wp-content\/uploads\/2024\/12\/santiago-rectangular.webp\" alt=\"Santiago Lozano\">\n              <figcaption class=\"m-0 p-4\">\n                <h4 class=\"mb-1\">Santiago Lozano<\/h4>\n                <p class=\"text-secondary mb-0\">Consejero<\/p>\n              <\/figcaption>\n            <\/figure>\n          <\/div>\n        <\/div>\n      <\/div>\n      <div class=\"col-12 col-md-6 col-lg-3 text-center\">\n        <div class=\"card border-0 border-bottom shadow-sm overflow-hidden\">\n          <div class=\"card-body p-0\">\n            <figure class=\"m-0 p-0\">\n              <img decoding=\"async\" class=\"img-fluid\" loading=\"lazy\" src=\"\/wp-content\/uploads\/2025\/03\/maite-rectangular-alt.webp\" alt=\"Maite Fibla\">\n              <figcaption class=\"m-0 p-4\">\n                <h4 class=\"mb-1\">Maite<br>Fibla<\/h4>\n                <p class=\"text-secondary mb-0\">Consejera<\/p>\n              <\/figcaption>\n            <\/figure>\n          <\/div>\n        <\/div>\n      <\/div>\n    <\/div>\n  <\/div>\n<\/section>\n\n\n\n<div style=\"height:100px\" aria-hidden=\"true\" class=\"wp-block-spacer\"><\/div>\n\n\n\n<div class=\"wp-block-columns is-layout-flex wp-container-core-columns-is-layout-9d6595d7 wp-block-columns-is-layout-flex\">\n<div class=\"wp-block-column is-vertically-aligned-center is-layout-flow wp-block-column-is-layout-flow\"><div class=\"wp-block-image\">\n<figure class=\"aligncenter size-full\"><img loading=\"lazy\" decoding=\"async\" width=\"480\" height=\"89\" src=\"https:\/\/admit:8890\/wp-content\/uploads\/2024\/11\/eit-health.webp\" alt=\"\" class=\"wp-image-102\" srcset=\"https:\/\/admit-therapeutics.com\/wp-content\/uploads\/2024\/11\/eit-health.webp 480w, https:\/\/admit-therapeutics.com\/wp-content\/uploads\/2024\/11\/eit-health-300x56.webp 300w\" sizes=\"auto, (max-width: 480px) 100vw, 480px\" \/><\/figure>\n<\/div><\/div>\n\n\n\n<div class=\"wp-block-column is-vertically-aligned-center is-layout-flow wp-block-column-is-layout-flow\"><div class=\"wp-block-image\">\n<figure class=\"aligncenter size-full\"><img loading=\"lazy\" decoding=\"async\" width=\"480\" height=\"89\" src=\"https:\/\/admit:8890\/wp-content\/uploads\/2024\/11\/plan-recuperacion-transformacion-resiliencia.webp\" alt=\"\" class=\"wp-image-103\" srcset=\"https:\/\/admit-therapeutics.com\/wp-content\/uploads\/2024\/11\/plan-recuperacion-transformacion-resiliencia.webp 480w, https:\/\/admit-therapeutics.com\/wp-content\/uploads\/2024\/11\/plan-recuperacion-transformacion-resiliencia-300x56.webp 300w\" sizes=\"auto, (max-width: 480px) 100vw, 480px\" \/><\/figure>\n<\/div><\/div>\n<\/div>\n\n\n\n<div class=\"wp-block-columns is-layout-flex wp-container-core-columns-is-layout-9d6595d7 wp-block-columns-is-layout-flex\">\n<div class=\"wp-block-column is-layout-flow wp-block-column-is-layout-flow\"><\/div>\n\n\n\n<div class=\"wp-block-column is-layout-flow wp-block-column-is-layout-flow\">\n<figure class=\"wp-block-image size-full is-resized\"><img loading=\"lazy\" decoding=\"async\" width=\"525\" height=\"120\" src=\"https:\/\/wp.admit-therapeutics.com\/wp-content\/uploads\/2025\/05\/co-funded-h2020-horiz_es-1.png\" alt=\"\" class=\"wp-image-929\" style=\"width:228px;height:auto\" srcset=\"https:\/\/admit-therapeutics.com\/wp-content\/uploads\/2025\/05\/co-funded-h2020-horiz_es-1.png 525w, https:\/\/admit-therapeutics.com\/wp-content\/uploads\/2025\/05\/co-funded-h2020-horiz_es-1-300x69.png 300w\" sizes=\"auto, (max-width: 525px) 100vw, 525px\" \/><\/figure>\n<\/div>\n\n\n\n<div class=\"wp-block-column is-layout-flow wp-block-column-is-layout-flow\"><\/div>\n<\/div>\n\n\n\n<p class=\"has-text-align-center\">Este proyecto ha recibido financiaci\u00f3n del programa de investigaci\u00f3n e innovaci\u00f3n H2020 de la Uni\u00f3n Europea con n\u00famero 960327<\/p>\n\n\n\n<div class=\"wp-block-columns is-layout-flex wp-container-core-columns-is-layout-9d6595d7 wp-block-columns-is-layout-flex\">\n<div class=\"wp-block-column is-layout-flow wp-block-column-is-layout-flow\"><\/div>\n\n\n\n<div class=\"wp-block-column is-layout-flow wp-block-column-is-layout-flow\"><\/div>\n\n\n\n<div class=\"wp-block-column is-layout-flow wp-block-column-is-layout-flow\"><\/div>\n<\/div>\n","protected":false},"excerpt":{"rendered":"<p>Innovaci\u00f3n tecnol\u00f3gica y compromiso social ADmit Therapeutics S.L. es una empresa pionera en la aplicaci\u00f3n de tecnolog\u00edas innovadoras en el campo de las enfermedades neurodegenerativas, con un fuerte componente social. Su principal activo es un equipo altamente capacitado con experiencia en el diagn\u00f3stico m\u00e9dico, neurobiolog\u00eda, inteligencia artificial y en el desarrollo y comercializaci\u00f3n de productos [&hellip;]<\/p>\n","protected":false},"author":1,"featured_media":0,"parent":0,"menu_order":0,"comment_status":"closed","ping_status":"closed","template":"template-home.php","meta":{"_acf_changed":false,"footnotes":""},"class_list":["post-15","page","type-page","status-publish","hentry"],"acf":[],"_links":{"self":[{"href":"https:\/\/admit-therapeutics.com\/es\/wp-json\/wp\/v2\/pages\/15","targetHints":{"allow":["GET"]}}],"collection":[{"href":"https:\/\/admit-therapeutics.com\/es\/wp-json\/wp\/v2\/pages"}],"about":[{"href":"https:\/\/admit-therapeutics.com\/es\/wp-json\/wp\/v2\/types\/page"}],"author":[{"embeddable":true,"href":"https:\/\/admit-therapeutics.com\/es\/wp-json\/wp\/v2\/users\/1"}],"replies":[{"embeddable":true,"href":"https:\/\/admit-therapeutics.com\/es\/wp-json\/wp\/v2\/comments?post=15"}],"version-history":[{"count":195,"href":"https:\/\/admit-therapeutics.com\/es\/wp-json\/wp\/v2\/pages\/15\/revisions"}],"predecessor-version":[{"id":1433,"href":"https:\/\/admit-therapeutics.com\/es\/wp-json\/wp\/v2\/pages\/15\/revisions\/1433"}],"wp:attachment":[{"href":"https:\/\/admit-therapeutics.com\/es\/wp-json\/wp\/v2\/media?parent=15"}],"curies":[{"name":"wp","href":"https:\/\/api.w.org\/{rel}","templated":true}]}}