{"id":175,"date":"2024-11-08T08:26:03","date_gmt":"2024-11-08T08:26:03","guid":{"rendered":"https:\/\/admit:8890\/?page_id=175"},"modified":"2025-11-24T11:45:10","modified_gmt":"2025-11-24T11:45:10","slug":"colaboradores","status":"publish","type":"page","link":"https:\/\/admit-therapeutics.com\/es\/colaboradores\/","title":{"rendered":"Colaboradores"},"content":{"rendered":"\n<div class=\"wp-block-columns are-vertically-aligned-center full-height is-layout-flex wp-container-core-columns-is-layout-9d6595d7 wp-block-columns-is-layout-flex\">\n<div class=\"wp-block-column is-vertically-aligned-center is-layout-flow wp-block-column-is-layout-flow\">\n<h1 class=\"wp-block-heading\">Colaboradores<\/h1>\n\n\n\n<div style=\"height:50px\" aria-hidden=\"true\" class=\"wp-block-spacer\"><\/div>\n\n\n\n<figure class=\"wp-block-gallery aligncenter has-nested-images columns-5 wp-block-gallery-1 is-layout-flex wp-block-gallery-is-layout-flex\">\n<figure class=\"wp-block-image size-full\"><img loading=\"lazy\" decoding=\"async\" width=\"500\" height=\"192\" data-id=\"183\" src=\"https:\/\/admit:8890\/wp-content\/uploads\/2024\/11\/aibl.webp\" alt=\"\" class=\"wp-image-183\" srcset=\"https:\/\/admit-therapeutics.com\/wp-content\/uploads\/2024\/11\/aibl.webp 500w, https:\/\/admit-therapeutics.com\/wp-content\/uploads\/2024\/11\/aibl-300x115.webp 300w\" sizes=\"auto, (max-width: 500px) 100vw, 500px\" \/><\/figure>\n\n\n\n<figure class=\"wp-block-image size-full\"><img loading=\"lazy\" decoding=\"async\" width=\"1333\" height=\"276\" data-id=\"1137\" src=\"https:\/\/admit-therapeutics.com\/wp-content\/uploads\/2025\/05\/IADRC_lockup_PRINT_h11-3.jpg\" alt=\"\" class=\"wp-image-1137\" srcset=\"https:\/\/admit-therapeutics.com\/wp-content\/uploads\/2025\/05\/IADRC_lockup_PRINT_h11-3.jpg 1333w, https:\/\/admit-therapeutics.com\/wp-content\/uploads\/2025\/05\/IADRC_lockup_PRINT_h11-3-300x62.jpg 300w, https:\/\/admit-therapeutics.com\/wp-content\/uploads\/2025\/05\/IADRC_lockup_PRINT_h11-3-1024x212.jpg 1024w, https:\/\/admit-therapeutics.com\/wp-content\/uploads\/2025\/05\/IADRC_lockup_PRINT_h11-3-768x159.jpg 768w\" sizes=\"auto, (max-width: 1333px) 100vw, 1333px\" \/><\/figure>\n\n\n\n<figure class=\"wp-block-image size-full is-style-default\"><img loading=\"lazy\" decoding=\"async\" width=\"500\" height=\"192\" data-id=\"182\" src=\"https:\/\/admit:8890\/wp-content\/uploads\/2024\/11\/adrc.webp\" alt=\"\" class=\"wp-image-182\" srcset=\"https:\/\/admit-therapeutics.com\/wp-content\/uploads\/2024\/11\/adrc.webp 500w, https:\/\/admit-therapeutics.com\/wp-content\/uploads\/2024\/11\/adrc-300x115.webp 300w\" sizes=\"auto, (max-width: 500px) 100vw, 500px\" \/><\/figure>\n\n\n\n<figure class=\"wp-block-image size-full\"><img loading=\"lazy\" decoding=\"async\" width=\"1090\" height=\"527\" data-id=\"1146\" src=\"https:\/\/admit-therapeutics.com\/wp-content\/uploads\/2025\/06\/mjff-logo_grant.png\" alt=\"\" class=\"wp-image-1146\" srcset=\"https:\/\/admit-therapeutics.com\/wp-content\/uploads\/2025\/06\/mjff-logo_grant.png 1090w, https:\/\/admit-therapeutics.com\/wp-content\/uploads\/2025\/06\/mjff-logo_grant-300x145.png 300w, https:\/\/admit-therapeutics.com\/wp-content\/uploads\/2025\/06\/mjff-logo_grant-1024x495.png 1024w, https:\/\/admit-therapeutics.com\/wp-content\/uploads\/2025\/06\/mjff-logo_grant-768x371.png 768w\" sizes=\"auto, (max-width: 1090px) 100vw, 1090px\" \/><\/figure>\n\n\n\n<figure class=\"wp-block-image size-full\"><img loading=\"lazy\" decoding=\"async\" width=\"500\" height=\"192\" data-id=\"185\" src=\"https:\/\/admit:8890\/wp-content\/uploads\/2024\/11\/clinic-bcn.webp\" alt=\"\" class=\"wp-image-185\" srcset=\"https:\/\/admit-therapeutics.com\/wp-content\/uploads\/2024\/11\/clinic-bcn.webp 500w, https:\/\/admit-therapeutics.com\/wp-content\/uploads\/2024\/11\/clinic-bcn-300x115.webp 300w\" sizes=\"auto, (max-width: 500px) 100vw, 500px\" \/><\/figure>\n\n\n\n<figure class=\"wp-block-image size-full\"><img loading=\"lazy\" decoding=\"async\" width=\"500\" height=\"192\" data-id=\"187\" src=\"https:\/\/admit:8890\/wp-content\/uploads\/2024\/11\/CSI.webp\" alt=\"\" class=\"wp-image-187\" srcset=\"https:\/\/admit-therapeutics.com\/wp-content\/uploads\/2024\/11\/CSI.webp 500w, https:\/\/admit-therapeutics.com\/wp-content\/uploads\/2024\/11\/CSI-300x115.webp 300w\" sizes=\"auto, (max-width: 500px) 100vw, 500px\" \/><\/figure>\n\n\n\n<figure class=\"wp-block-image size-full\"><img loading=\"lazy\" decoding=\"async\" width=\"500\" height=\"192\" data-id=\"190\" src=\"https:\/\/admit:8890\/wp-content\/uploads\/2024\/11\/idibell.webp\" alt=\"\" class=\"wp-image-190\" srcset=\"https:\/\/admit-therapeutics.com\/wp-content\/uploads\/2024\/11\/idibell.webp 500w, https:\/\/admit-therapeutics.com\/wp-content\/uploads\/2024\/11\/idibell-300x115.webp 300w\" sizes=\"auto, (max-width: 500px) 100vw, 500px\" \/><\/figure>\n\n\n\n<figure class=\"wp-block-image size-full\"><img loading=\"lazy\" decoding=\"async\" width=\"500\" height=\"192\" data-id=\"184\" src=\"https:\/\/admit:8890\/wp-content\/uploads\/2024\/11\/bellvitge.webp\" alt=\"\" class=\"wp-image-184\" srcset=\"https:\/\/admit-therapeutics.com\/wp-content\/uploads\/2024\/11\/bellvitge.webp 500w, https:\/\/admit-therapeutics.com\/wp-content\/uploads\/2024\/11\/bellvitge-300x115.webp 300w\" sizes=\"auto, (max-width: 500px) 100vw, 500px\" \/><\/figure>\n\n\n\n<figure class=\"wp-block-image size-full\"><img loading=\"lazy\" decoding=\"async\" width=\"500\" height=\"192\" data-id=\"186\" src=\"https:\/\/admit:8890\/wp-content\/uploads\/2024\/11\/cita.webp\" alt=\"\" class=\"wp-image-186\" srcset=\"https:\/\/admit-therapeutics.com\/wp-content\/uploads\/2024\/11\/cita.webp 500w, https:\/\/admit-therapeutics.com\/wp-content\/uploads\/2024\/11\/cita-300x115.webp 300w\" sizes=\"auto, (max-width: 500px) 100vw, 500px\" \/><\/figure>\n\n\n\n<figure class=\"wp-block-image size-full\"><img loading=\"lazy\" decoding=\"async\" width=\"500\" height=\"192\" data-id=\"191\" src=\"https:\/\/admit:8890\/wp-content\/uploads\/2024\/11\/institut-recerca.webp\" alt=\"\" class=\"wp-image-191\" srcset=\"https:\/\/admit-therapeutics.com\/wp-content\/uploads\/2024\/11\/institut-recerca.webp 500w, https:\/\/admit-therapeutics.com\/wp-content\/uploads\/2024\/11\/institut-recerca-300x115.webp 300w\" sizes=\"auto, (max-width: 500px) 100vw, 500px\" \/><\/figure>\n<\/figure>\n<\/div>\n<\/div>\n\n\n\n<div class=\"wp-block-columns is-layout-flex wp-container-core-columns-is-layout-9d6595d7 wp-block-columns-is-layout-flex\">\n<div class=\"wp-block-column is-layout-flow wp-block-column-is-layout-flow\">\n<figure class=\"wp-block-image size-large is-resized\"><img loading=\"lazy\" decoding=\"async\" width=\"1024\" height=\"466\" src=\"https:\/\/admit-therapeutics.com\/wp-content\/uploads\/2025\/11\/Alzheimers-Disease-Research-Center_2C_UnitVert_RGB-2-1024x466.jpg\" alt=\"\" class=\"wp-image-1404\" style=\"width:209px;height:auto\" srcset=\"https:\/\/admit-therapeutics.com\/wp-content\/uploads\/2025\/11\/Alzheimers-Disease-Research-Center_2C_UnitVert_RGB-2-1024x466.jpg 1024w, https:\/\/admit-therapeutics.com\/wp-content\/uploads\/2025\/11\/Alzheimers-Disease-Research-Center_2C_UnitVert_RGB-2-300x137.jpg 300w, https:\/\/admit-therapeutics.com\/wp-content\/uploads\/2025\/11\/Alzheimers-Disease-Research-Center_2C_UnitVert_RGB-2-768x350.jpg 768w, https:\/\/admit-therapeutics.com\/wp-content\/uploads\/2025\/11\/Alzheimers-Disease-Research-Center_2C_UnitVert_RGB-2.jpg 1181w\" sizes=\"auto, (max-width: 1024px) 100vw, 1024px\" \/><\/figure>\n<\/div>\n\n\n\n<div class=\"wp-block-column is-layout-flow wp-block-column-is-layout-flow\">\n<figure class=\"wp-block-image size-full is-resized\"><img loading=\"lazy\" decoding=\"async\" width=\"500\" height=\"192\" src=\"https:\/\/admit-therapeutics.com\/wp-content\/uploads\/2024\/11\/eit.webp\" alt=\"\" class=\"wp-image-188\" style=\"width:198px;height:auto\" srcset=\"https:\/\/admit-therapeutics.com\/wp-content\/uploads\/2024\/11\/eit.webp 500w, https:\/\/admit-therapeutics.com\/wp-content\/uploads\/2024\/11\/eit-300x115.webp 300w\" sizes=\"auto, (max-width: 500px) 100vw, 500px\" \/><\/figure>\n<\/div>\n\n\n\n<div class=\"wp-block-column is-layout-flow wp-block-column-is-layout-flow\">\n<figure class=\"wp-block-image size-full\"><img loading=\"lazy\" decoding=\"async\" width=\"525\" height=\"120\" src=\"https:\/\/admit-therapeutics.com\/wp-content\/uploads\/2025\/05\/co-funded-h2020-horiz_es-1.png\" alt=\"\" class=\"wp-image-929\" srcset=\"https:\/\/admit-therapeutics.com\/wp-content\/uploads\/2025\/05\/co-funded-h2020-horiz_es-1.png 525w, https:\/\/admit-therapeutics.com\/wp-content\/uploads\/2025\/05\/co-funded-h2020-horiz_es-1-300x69.png 300w\" sizes=\"auto, (max-width: 525px) 100vw, 525px\" \/><\/figure>\n<\/div>\n<\/div>\n\n\n\n<div class=\"wp-block-columns is-layout-flex wp-container-core-columns-is-layout-9d6595d7 wp-block-columns-is-layout-flex\">\n<div class=\"wp-block-column is-layout-flow wp-block-column-is-layout-flow\"><\/div>\n\n\n\n<div class=\"wp-block-column is-layout-flow wp-block-column-is-layout-flow\"><\/div>\n\n\n\n<div class=\"wp-block-column is-layout-flow wp-block-column-is-layout-flow\">\n<p><strong>HORIZON 2020: <\/strong>Este proyecto ha recibido financiaci\u00f3n del programa de investigaci\u00f3n e innovaci\u00f3n H2020 de la Uni\u00f3n Europea con n\u00famero 960327<\/p>\n<\/div>\n<\/div>\n","protected":false},"excerpt":{"rendered":"<p>Colaboradores HORIZON 2020: Este proyecto ha recibido financiaci\u00f3n del programa de investigaci\u00f3n e innovaci\u00f3n H2020 de la Uni\u00f3n Europea con n\u00famero 960327<\/p>\n","protected":false},"author":1,"featured_media":0,"parent":0,"menu_order":4,"comment_status":"closed","ping_status":"closed","template":"","meta":{"_acf_changed":false,"footnotes":""},"class_list":["post-175","page","type-page","status-publish","hentry"],"acf":[],"_links":{"self":[{"href":"https:\/\/admit-therapeutics.com\/es\/wp-json\/wp\/v2\/pages\/175","targetHints":{"allow":["GET"]}}],"collection":[{"href":"https:\/\/admit-therapeutics.com\/es\/wp-json\/wp\/v2\/pages"}],"about":[{"href":"https:\/\/admit-therapeutics.com\/es\/wp-json\/wp\/v2\/types\/page"}],"author":[{"embeddable":true,"href":"https:\/\/admit-therapeutics.com\/es\/wp-json\/wp\/v2\/users\/1"}],"replies":[{"embeddable":true,"href":"https:\/\/admit-therapeutics.com\/es\/wp-json\/wp\/v2\/comments?post=175"}],"version-history":[{"count":33,"href":"https:\/\/admit-therapeutics.com\/es\/wp-json\/wp\/v2\/pages\/175\/revisions"}],"predecessor-version":[{"id":1406,"href":"https:\/\/admit-therapeutics.com\/es\/wp-json\/wp\/v2\/pages\/175\/revisions\/1406"}],"wp:attachment":[{"href":"https:\/\/admit-therapeutics.com\/es\/wp-json\/wp\/v2\/media?parent=175"}],"curies":[{"name":"wp","href":"https:\/\/api.w.org\/{rel}","templated":true}]}}