{"id":205,"date":"2024-11-08T09:50:11","date_gmt":"2024-11-08T09:50:11","guid":{"rendered":"https:\/\/admit:8890\/?page_id=205"},"modified":"2025-05-10T09:37:00","modified_gmt":"2025-05-10T09:37:00","slug":"noticias","status":"publish","type":"page","link":"https:\/\/admit-therapeutics.com\/es\/noticias\/","title":{"rendered":"Noticias"},"content":{"rendered":"\n<h1 class=\"wp-block-heading\">Noticias<\/h1>\n\n\n\n<div class=\"wp-block-columns is-layout-flex wp-container-core-columns-is-layout-9d6595d7 wp-block-columns-is-layout-flex\">\n<div class=\"wp-block-column is-layout-flow wp-block-column-is-layout-flow\" style=\"flex-basis:100%\">\n<div class=\"wp-block-query is-layout-flow wp-block-query-is-layout-flow\"><ul class=\"columns-3 wp-block-post-template is-layout-grid wp-container-core-post-template-is-layout-2f3213d7 wp-block-post-template-is-layout-grid\"><li class=\"wp-block-post post-1408 post type-post status-publish format-standard hentry category-sin-categorizar\">\n\n<div class=\"wp-block-group\" style=\"padding-top:30px;padding-right:30px;padding-bottom:30px;padding-left:30px\"><div class=\"wp-block-group__inner-container is-layout-flow wp-block-group-is-layout-flow\"><h2 style=\"font-size:1.2rem;\" class=\"wp-block-post-title\"><a href=\"https:\/\/admit-therapeutics.com\/es\/admit-therapeutics-obtiene-la-certificacion-clia-abriendo-las-puertas-al-mercado-sanitario-de-ee-uu\/\" target=\"_self\" >ADmit Therapeutics Obtiene la Certificaci\u00f3n CLIA, Abriendo las Puertas al Mercado Sanitario de EE.UU.<\/a><\/h2>\n\n<div class=\"wp-block-post-excerpt\"><p class=\"wp-block-post-excerpt__excerpt\">Barcelona \u2013 5 de Diciembre de 2025&nbsp;\u2013 ADmit Therapeutics ha anunciado hoy la obtenci\u00f3n del&nbsp;Certificado CLIA (Clinical Laboratory Improvement Amendments). Esta acreditaci\u00f3n, otorgada por los Centros de Servicios de Medicare y Medicaid (CMS) de EE. UU., avala el cumplimiento de los m\u00e1s&nbsp;rigurosos est\u00e1ndares de calidad y fiabilidad&nbsp;anal\u00edtica. \u00abEsta certificaci\u00f3n no es solo un sello de<\/p><p class=\"wp-block-post-excerpt__more-text\"><a class=\"wp-block-post-excerpt__more-link\" href=\"https:\/\/admit-therapeutics.com\/es\/admit-therapeutics-obtiene-la-certificacion-clia-abriendo-las-puertas-al-mercado-sanitario-de-ee-uu\/\">Leer m\u00e1s<\/a><\/p><\/div><\/div><\/div>\n\n<\/li><li class=\"wp-block-post post-1392 post type-post status-publish format-standard hentry category-sin-categorizar\">\n\n<div class=\"wp-block-group\" style=\"padding-top:30px;padding-right:30px;padding-bottom:30px;padding-left:30px\"><div class=\"wp-block-group__inner-container is-layout-flow wp-block-group-is-layout-flow\"><h2 style=\"font-size:1.2rem;\" class=\"wp-block-post-title\"><a href=\"https:\/\/admit-therapeutics.com\/es\/admit-therapeutics-presenta-innovacion-en-sevilla-el-test-map-ad-y-nuevos-datos-de-prediccion-del-alzheimer\/\" target=\"_self\" >ADmit Therapeutics Presenta Innovaci\u00f3n en Sevilla: El Test MAP-AD\u00ae\u00a0y Nuevos Datos de Predicci\u00f3n de la demencia por enfermedad Alzheimer<\/a><\/h2>\n\n<div class=\"wp-block-post-excerpt\"><p class=\"wp-block-post-excerpt__excerpt\">La compa\u00f1\u00eda asistir\u00e1 a la Reuni\u00f3n Anual de la SEN con su test MAP-AD\u00ae, recientemente certificado con el Marcaje CE-IVDR, destacando avances en el pron\u00f3stico temprano de la enfermedad. Barcelona, 14 de Noviembre, 2025\u00a0\u2013 ADmit Therapeutics, empresa l\u00edder en diagn\u00f3stico de enfermedades neurodegenerativas, ha confirmado su participaci\u00f3n en la pr\u00f3xima\u00a0Reuni\u00f3n Anual de la Sociedad Espa\u00f1ola<\/p><p class=\"wp-block-post-excerpt__more-text\"><a class=\"wp-block-post-excerpt__more-link\" href=\"https:\/\/admit-therapeutics.com\/es\/admit-therapeutics-presenta-innovacion-en-sevilla-el-test-map-ad-y-nuevos-datos-de-prediccion-del-alzheimer\/\">Leer m\u00e1s<\/a><\/p><\/div><\/div><\/div>\n\n<\/li><li class=\"wp-block-post post-1379 post type-post status-publish format-standard hentry category-sin-categorizar\">\n\n<div class=\"wp-block-group\" style=\"padding-top:30px;padding-right:30px;padding-bottom:30px;padding-left:30px\"><div class=\"wp-block-group__inner-container is-layout-flow wp-block-group-is-layout-flow\"><h2 style=\"font-size:1.2rem;\" class=\"wp-block-post-title\"><a href=\"https:\/\/admit-therapeutics.com\/es\/admit-therapeutics-exhibira-su-innovacion-europea-en-medica-2025\/\" target=\"_self\" >ADmit Therapeutics exhibir\u00e1 su innovaci\u00f3n europea en MEDICA 2025<\/a><\/h2>\n\n<div class=\"wp-block-post-excerpt\"><p class=\"wp-block-post-excerpt__excerpt\">Barcelona, 13 de noviembre. Estamos&nbsp;orgullosos&nbsp;de anunciar que nuestra empresa ha sido seleccionada para participar en&nbsp;MEDICA 2025, que tendr\u00e1 lugar del&nbsp;17 al 20 de noviembre de 2025&nbsp;en D\u00fcsseldorf, Alemania. ADmit Therapeutics estar\u00e1 en el Pabell\u00f3n del EIC en Messe D\u00fcsseldorf,&nbsp;Pabell\u00f3n 15, Stand 15B41. Nuestra empresa es una de las&nbsp;15 start-ups&nbsp;respaldadas por el Consejo Europeo de Innovaci\u00f3n<\/p><p class=\"wp-block-post-excerpt__more-text\"><a class=\"wp-block-post-excerpt__more-link\" href=\"https:\/\/admit-therapeutics.com\/es\/admit-therapeutics-exhibira-su-innovacion-europea-en-medica-2025\/\">Leer m\u00e1s<\/a><\/p><\/div><\/div><\/div>\n\n<\/li><li class=\"wp-block-post post-1351 post type-post status-publish format-standard hentry category-sin-categorizar\">\n\n<div class=\"wp-block-group\" style=\"padding-top:30px;padding-right:30px;padding-bottom:30px;padding-left:30px\"><div class=\"wp-block-group__inner-container is-layout-flow wp-block-group-is-layout-flow\"><h2 style=\"font-size:1.2rem;\" class=\"wp-block-post-title\"><a href=\"https:\/\/admit-therapeutics.com\/es\/admit-therapeutics-es-galardonada-como-mejor-startup-2025-en-los-premios-wa4steam\/\" target=\"_self\" >ADmit Therapeutics es galardonada como Mejor Startup 2025 en los Premios WA4STEAM<\/a><\/h2>\n\n<div class=\"wp-block-post-excerpt\"><p class=\"wp-block-post-excerpt__excerpt\">Barcelona, 21 de Octubre de 2025 \u2013 ADmit Therapeutics fue nombrada Mejor Startup 2025 en los Premios WA4STEAM celebrados en Madrid el pasado viernes 17 de octubre. Esta es la segunda edici\u00f3n de los Premios WA4STEAM, que reconocen, promueven y dan mayor visibilidad a las mujeres l\u00edderes en el ecosistema emprendedor (fundadoras, startups y miembros<\/p><p class=\"wp-block-post-excerpt__more-text\"><a class=\"wp-block-post-excerpt__more-link\" href=\"https:\/\/admit-therapeutics.com\/es\/admit-therapeutics-es-galardonada-como-mejor-startup-2025-en-los-premios-wa4steam\/\">Leer m\u00e1s<\/a><\/p><\/div><\/div><\/div>\n\n<\/li><li class=\"wp-block-post post-1325 post type-post status-publish format-standard hentry category-sin-categorizar\">\n\n<div class=\"wp-block-group\" style=\"padding-top:30px;padding-right:30px;padding-bottom:30px;padding-left:30px\"><div class=\"wp-block-group__inner-container is-layout-flow wp-block-group-is-layout-flow\"><h2 style=\"font-size:1.2rem;\" class=\"wp-block-post-title\"><a href=\"https:\/\/admit-therapeutics.com\/es\/el-test-map-ad-de-admit-therapeutics-obtiene-el-marcado-ce-ivdr-el-primer-test-pronostico-de-la-demencia-por-enfermedad-de-alzheimer\/\" target=\"_self\" >El Test MAP-AD\u00ae\u00a0de ADmit Therapeutics obtiene el marcado CE-IVDR, el primer test pron\u00f3stico de la demencia por enfermedad de Alzheimer<\/a><\/h2>\n\n<div class=\"wp-block-post-excerpt\"><p class=\"wp-block-post-excerpt__excerpt\">Barcelona \u2013 19 de Septiembre, 2025&nbsp;\u2013 ADmit Therapeutics S.L. anuncia hoy que su disruptivo an\u00e1lisis de sangre para el pron\u00f3stico de la demencia de Alzheimer, el&nbsp;Test MAP-AD\u00ae, ha recibido el Marcado CE bajo el Reglamento de Diagn\u00f3stico In Vitro (IVDR, 2017\/746). Esta certificaci\u00f3n confirma que el an\u00e1lisis cumple con los estrictos est\u00e1ndares de seguridad y<\/p><p class=\"wp-block-post-excerpt__more-text\"><a class=\"wp-block-post-excerpt__more-link\" href=\"https:\/\/admit-therapeutics.com\/es\/el-test-map-ad-de-admit-therapeutics-obtiene-el-marcado-ce-ivdr-el-primer-test-pronostico-de-la-demencia-por-enfermedad-de-alzheimer\/\">Leer m\u00e1s<\/a><\/p><\/div><\/div><\/div>\n\n<\/li><li class=\"wp-block-post post-1323 post type-post status-publish format-standard hentry category-sin-categorizar\">\n\n<div class=\"wp-block-group\" style=\"padding-top:30px;padding-right:30px;padding-bottom:30px;padding-left:30px\"><div class=\"wp-block-group__inner-container is-layout-flow wp-block-group-is-layout-flow\"><h2 style=\"font-size:1.2rem;\" class=\"wp-block-post-title\"><a href=\"https:\/\/admit-therapeutics.com\/es\/admit-therapeutics-publica-un-estudio-clave-sobre-un-nuevo-biomarcador-en-sangre-que-predice-la-progresion-a-la-demencia-de-alzheimer\/\" target=\"_self\" >ADmit Therapeutics publica un estudio clave sobre un nuevo biomarcador en sangre que predice la progresi\u00f3n a la demencia de Alzheimer<\/a><\/h2>\n\n<div class=\"wp-block-post-excerpt\"><p class=\"wp-block-post-excerpt__excerpt\">Barcelona \u2013 19 de Septiembre, 2025&nbsp;\u2013&nbsp;ADmit Therapeutics S.L.&nbsp;ha anunciado hoy la publicaci\u00f3n de un biomarcador sangu\u00edneo en la revista&nbsp;&nbsp;iScience&nbsp;(Cell Press). El estudio detalla la investigaci\u00f3n fundamental que ha llevado al desarrollo del&nbsp;Test MAP-AD\u00ae, una soluci\u00f3n de pron\u00f3stico basada en la&nbsp;metilaci\u00f3n del ADN mitocondrial en sangre&nbsp;que predice la progresi\u00f3n a la demencia de Alzheimer en pacientes<\/p><p class=\"wp-block-post-excerpt__more-text\"><a class=\"wp-block-post-excerpt__more-link\" href=\"https:\/\/admit-therapeutics.com\/es\/admit-therapeutics-publica-un-estudio-clave-sobre-un-nuevo-biomarcador-en-sangre-que-predice-la-progresion-a-la-demencia-de-alzheimer\/\">Leer m\u00e1s<\/a><\/p><\/div><\/div><\/div>\n\n<\/li><\/ul><\/div>\n<\/div>\n<\/div>\n","protected":false},"excerpt":{"rendered":"<p>Noticias<\/p>\n","protected":false},"author":1,"featured_media":0,"parent":0,"menu_order":5,"comment_status":"closed","ping_status":"closed","template":"","meta":{"_acf_changed":false,"footnotes":""},"class_list":["post-205","page","type-page","status-publish","hentry"],"acf":[],"_links":{"self":[{"href":"https:\/\/admit-therapeutics.com\/es\/wp-json\/wp\/v2\/pages\/205","targetHints":{"allow":["GET"]}}],"collection":[{"href":"https:\/\/admit-therapeutics.com\/es\/wp-json\/wp\/v2\/pages"}],"about":[{"href":"https:\/\/admit-therapeutics.com\/es\/wp-json\/wp\/v2\/types\/page"}],"author":[{"embeddable":true,"href":"https:\/\/admit-therapeutics.com\/es\/wp-json\/wp\/v2\/users\/1"}],"replies":[{"embeddable":true,"href":"https:\/\/admit-therapeutics.com\/es\/wp-json\/wp\/v2\/comments?post=205"}],"version-history":[{"count":18,"href":"https:\/\/admit-therapeutics.com\/es\/wp-json\/wp\/v2\/pages\/205\/revisions"}],"predecessor-version":[{"id":1006,"href":"https:\/\/admit-therapeutics.com\/es\/wp-json\/wp\/v2\/pages\/205\/revisions\/1006"}],"wp:attachment":[{"href":"https:\/\/admit-therapeutics.com\/es\/wp-json\/wp\/v2\/media?parent=205"}],"curies":[{"name":"wp","href":"https:\/\/api.w.org\/{rel}","templated":true}]}}