{"id":223,"date":"2024-11-08T10:13:17","date_gmt":"2024-11-08T10:13:17","guid":{"rendered":"https:\/\/admit:8890\/?page_id=223"},"modified":"2025-05-12T08:07:47","modified_gmt":"2025-05-12T08:07:47","slug":"contacto","status":"publish","type":"page","link":"https:\/\/admit-therapeutics.com\/es\/contacto\/","title":{"rendered":"Contacto"},"content":{"rendered":"\n<h1 class=\"wp-block-heading\">Contacto<\/h1>\n\n\n\n<div style=\"height:100px\" aria-hidden=\"true\" class=\"wp-block-spacer\"><\/div>\n\n\n\n<div class=\"wp-block-columns full-height is-layout-flex wp-container-core-columns-is-layout-9d6595d7 wp-block-columns-is-layout-flex\">\n<div class=\"wp-block-column is-layout-flow wp-block-column-is-layout-flow\">\n<figure class=\"wp-block-image size-full is-resized\"><img decoding=\"async\" src=\"https:\/\/admit:8890\/wp-content\/uploads\/2024\/11\/full-logo-header.svg\" alt=\"\" class=\"wp-image-226\" style=\"width:300px\"\/><\/figure>\n\n\n\n<p class=\"mt-5\">Ctra. Laure\u00e0 Mir\u00f3, 408-410<\/p>\n\n\n\n<p>08980 Sant Feliu de Llobregat<br>Barcelona \u2013 Spain<\/p>\n\n\n\n<p><a href=\"mailto:info@admit-therapeutics.com\">info@admit-therapeutics.com<\/a><\/p>\n\n\n\n<ul class=\"wp-block-social-links mt-5 mb-5 is-layout-flex wp-block-social-links-is-layout-flex\"><li class=\"wp-social-link wp-social-link-x  wp-block-social-link\"><a href=\"https:\/\/twitter.com\/ADmitTherapeut1\" class=\"wp-block-social-link-anchor\"><svg width=\"24\" height=\"24\" viewBox=\"0 0 24 24\" version=\"1.1\" xmlns=\"http:\/\/www.w3.org\/2000\/svg\" aria-hidden=\"true\" focusable=\"false\"><path d=\"M13.982 10.622 20.54 3h-1.554l-5.693 6.618L8.745 3H3.5l6.876 10.007L3.5 21h1.554l6.012-6.989L15.868 21h5.245l-7.131-10.378Zm-2.128 2.474-.697-.997-5.543-7.93H8l4.474 6.4.697.996 5.815 8.318h-2.387l-4.745-6.787Z\" \/><\/svg><span class=\"wp-block-social-link-label screen-reader-text\">X<\/span><\/a><\/li>\n\n<li class=\"wp-social-link wp-social-link-linkedin  wp-block-social-link\"><a href=\"https:\/\/www.linkedin.com\/company\/admit-therapeutics\" class=\"wp-block-social-link-anchor\"><svg width=\"24\" height=\"24\" viewBox=\"0 0 24 24\" version=\"1.1\" xmlns=\"http:\/\/www.w3.org\/2000\/svg\" aria-hidden=\"true\" focusable=\"false\"><path d=\"M19.7,3H4.3C3.582,3,3,3.582,3,4.3v15.4C3,20.418,3.582,21,4.3,21h15.4c0.718,0,1.3-0.582,1.3-1.3V4.3 C21,3.582,20.418,3,19.7,3z M8.339,18.338H5.667v-8.59h2.672V18.338z M7.004,8.574c-0.857,0-1.549-0.694-1.549-1.548 c0-0.855,0.691-1.548,1.549-1.548c0.854,0,1.547,0.694,1.547,1.548C8.551,7.881,7.858,8.574,7.004,8.574z M18.339,18.338h-2.669 v-4.177c0-0.996-0.017-2.278-1.387-2.278c-1.389,0-1.601,1.086-1.601,2.206v4.249h-2.667v-8.59h2.559v1.174h0.037 c0.356-0.675,1.227-1.387,2.526-1.387c2.703,0,3.203,1.779,3.203,4.092V18.338z\"><\/path><\/svg><span class=\"wp-block-social-link-label screen-reader-text\">LinkedIn<\/span><\/a><\/li><\/ul>\n\n\n\n<p>Centrada en la comercializaci\u00f3n de una nueva tecnolog\u00eda para la detecci\u00f3n precoz del Alzheimer<\/p>\n<\/div>\n\n\n\n<div class=\"wp-block-column is-layout-flow wp-block-column-is-layout-flow\">\n<iframe src=\"https:\/\/www.google.com\/maps\/embed?pb=!1m18!1m12!1m3!1d5986.361064747839!2d2.0339599765431142!3d41.391885595715394!2m3!1f0!2f0!3f0!3m2!1i1024!2i768!4f13.1!3m3!1m2!1s0x12a49a5022d03a1d%3A0xe943051d62757903!2sCarrer%20de%20Laure%C3%A0%20Mir%C3%B3%2C%20408%2C%2008980%20Sant%20Feliu%20de%20Llobregat%2C%20Barcelona!5e0!3m2!1ses!2ses!4v1746515740055!5m2!1ses!2ses\" width=\"600\" height=\"450\" style=\"border:0;\" allowfullscreen=\"\" loading=\"lazy\" referrerpolicy=\"no-referrer-when-downgrade\"><\/iframe>\n<\/div>\n<\/div>\n\n\n\n<p><\/p>\n","protected":false},"excerpt":{"rendered":"<p>Contacto Ctra. Laure\u00e0 Mir\u00f3, 408-410 08980 Sant Feliu de LlobregatBarcelona \u2013 Spain info@admit-therapeutics.com Centrada en la comercializaci\u00f3n de una nueva tecnolog\u00eda para la detecci\u00f3n precoz del Alzheimer<\/p>\n","protected":false},"author":1,"featured_media":0,"parent":0,"menu_order":6,"comment_status":"closed","ping_status":"closed","template":"","meta":{"_acf_changed":false,"footnotes":""},"class_list":["post-223","page","type-page","status-publish","hentry"],"acf":[],"_links":{"self":[{"href":"https:\/\/admit-therapeutics.com\/es\/wp-json\/wp\/v2\/pages\/223","targetHints":{"allow":["GET"]}}],"collection":[{"href":"https:\/\/admit-therapeutics.com\/es\/wp-json\/wp\/v2\/pages"}],"about":[{"href":"https:\/\/admit-therapeutics.com\/es\/wp-json\/wp\/v2\/types\/page"}],"author":[{"embeddable":true,"href":"https:\/\/admit-therapeutics.com\/es\/wp-json\/wp\/v2\/users\/1"}],"replies":[{"embeddable":true,"href":"https:\/\/admit-therapeutics.com\/es\/wp-json\/wp\/v2\/comments?post=223"}],"version-history":[{"count":16,"href":"https:\/\/admit-therapeutics.com\/es\/wp-json\/wp\/v2\/pages\/223\/revisions"}],"predecessor-version":[{"id":1058,"href":"https:\/\/admit-therapeutics.com\/es\/wp-json\/wp\/v2\/pages\/223\/revisions\/1058"}],"wp:attachment":[{"href":"https:\/\/admit-therapeutics.com\/es\/wp-json\/wp\/v2\/media?parent=223"}],"curies":[{"name":"wp","href":"https:\/\/api.w.org\/{rel}","templated":true}]}}